{"id":28,"date":"2015-10-16T00:05:09","date_gmt":"2015-10-15T22:05:09","guid":{"rendered":"http:\/\/test.omoslj.it\/?page_id=28"},"modified":"2016-01-15T14:03:23","modified_gmt":"2016-01-15T13:03:23","slug":"il-gran-priore-ditalia","status":"publish","type":"page","link":"http:\/\/www.omoslj.it\/index.php\/il-gran-priore-ditalia\/","title":{"rendered":"Il Gran Priore D&#8217;Italia"},"content":{"rendered":"<p>&nbsp;<\/p>\n<p><a href=\"http:\/\/test.omoslj.it\/wp-content\/uploads\/2015\/10\/image1.jpeg\"><img loading=\"lazy\" decoding=\"async\" class=\"alignnone size-full wp-image-29\" src=\"http:\/\/test.omoslj.it\/wp-content\/uploads\/2015\/10\/image1.jpeg\" alt=\"image\" width=\"816\" height=\"1153\" \/><\/a><\/p>\n<p>Il Generale di Brigata Basilio Viola nasce ad Anzio (Roma) il 26 Marzo 1946.<\/p>\n<p>La sua vita nell&#8217; Arma Benemerita, inizia nel Gennaio del 1968 con il grado di sottotenente, prestando servizio in Roma, a Firenze e a Nuoro.<\/p>\n<p>Nel 1970 diviene Capitano ed assume il comando di diversi Reparti territoriali dell&#8217;Arma sia in provincia di Nuoro che in quella di Sassari, dove \u00e8 particolarmente impegnato nel contrasto alla Anonima Sequestri, nella ricerca di latitanti, senza mai dimenticare la continua lotta ai traffici Nazionali ed Internazionali di Droga.<\/p>\n<p>In questo periodo per azioni di valore gli viene assegnata la &#8220;Medaglia di Bronzo al valore Civile&#8221;.<\/p>\n<p>Nel 1986, con la promozione al grado di Maggiore, viene inviato ad espletare la sua opera presso il Comando Regione Carabinieri Friuli in Udine. Durante questo periodo viene eletto quale vice-presidente del CO.CE.R., massimo organismo della rappresentazione militare.<\/p>\n<p>Nel 1990, diviene T. Colonnello e, dopo aver frequentato in Roma il corso formativo dei N.A.S (Nucleo Antisofisticazioni e Sanit\u00e0) viene inviato al Comando Gruppo CCA.S. di Milano con giurisdizione sulle sette regioni del Nord-Italia.<\/p>\n<p>Nei tre anni trascorsi in questo reparto riesce a raggiungere risultati cos\u00ec lusinghieri da far si che il Capo dello Stato gli conferisca la &#8220;Medaglia d&#8217;Argento al merito della Sanit\u00e0 Pubblica&#8221; e la croce Rossa gli concede la &#8220;Medaglia d&#8217;Argento&#8221;.<\/p>\n<p>Nel 1992 partecipa al concorso Nazionale per la D.I.A. (Direzione Investigativa Antimafia) classificandosi nel primo decimo ed essere cos\u00ec prescelto per la D.I.A. di Palermo.<\/p>\n<p>Nel 1994 frequenta il 3\u00b0 corso Interforze per Consiglieri Giuridici Militari in seno alle FF.AA. conseguendone il Diploma e venendo destinato presso il 3\u00b0 Corpo d&#8217;Armata di Milano.<\/p>\n<p>Nel 1996 viene promosso al grado di Colonnello e trasferito, quale Capo Ufficio Logistico della regione Carabinieri Lombardia sede in Milano.<\/p>\n<p>Durante questo periodo frequenta un corso presso il centro Europeo per la formazione inerente il D.Lgs: 626\/94 per &#8221; Responsabile della Sicurezza, Salubrit\u00e0 ed infortuni sui luoghi di lavoro&#8221; conseguendone l&#8217;attestato<\/p>\n<p>Nel 2001 frequenta presso l&#8217; Universit\u00e0 Bocconi, il Corso &#8221; Le aziende e gli Atti illeciti, Progettare la Security Manager&#8221; conseguendone il relativo Attestato.<\/p>\n<p>Nel 2002 viene eletto &#8220;Segretario Nazionale&#8221;, nel 2005 &#8220;Segretario Generale&#8221; e nel Marzo del 2006 &#8221; Presidente&#8221; dell&#8217;Associazione carabinieri in servizio PASTRENGO, unico sodalizio fra carabinieri riconosciuto dal Ministero della Difesa e ratificato dal Comando Generale dell&#8217;Arma dei Carabinieri.<\/p>\n<p>Nel Marzo 2003 diviene GRAN PRIORE d&#8217;Italia dell&#8217; O.S.L.J. quale giusto ed equo riconoscimento della grande mole di lavoro svolta negli anni passati, nel mondo del volontariato, verso coloro che hanno bisogno dove da vari anni fa parte del &#8220;Consiglio Direttivo degli Amici del Ospedale San Raffaele&#8221; di Milano.<\/p>\n<p>Nel 2006 dopo ben 38 anni di onorato servizio nella fila dell&#8217;Arma dei Carabinieri viene promosso al grado di Generale di Brigata.<\/p>\n<p>In merito ai titoli di studio, sinteticamente, il Generale di Brigata Basilio Viola si diplomava Geometra nel 1964\/65; nel 1983 conseguiva la Laurea in scienze Politiche, indirizzo politico-amministrativo (110 e lode); nel 1985 conseguiva la Laurea in Giurisprudenza (110 e lode); nel 2003 conseguiva la Laurea in Scienze della Sicurezza (108\/110); Nel 2004 conseguiva la Laurea specialistica in Scienze della Sicurezza Interna ed Esterna. Con decreto n\u00b014\/896 del 24.04.1982 diviene Accademico Associato dell&#8221;Accademia Tiberina&#8221; di Roma. Con Decreto n\u00b0796 del 18:02:1990 diviene Accademico della &#8220;Accademia del Fiorino&#8221;.<\/p>\n<p>Vi sarebbe molto altro da dire su Basilio Viola, uomo, ufficiale, volontario ecc. ma riteniamo che quanto enunciato sia pi\u00f9 che sufficiente per far si che che chi non lo conosca di persona , possa immaginare concretamente lo spessore , la vitalit\u00e0, il carattere e la sua forte personalit\u00e0. E&#8217; giusto concludere che \u00e8 un personaggio molto stimato tanto dai suoi uomini quanto dai cittadini. I primi lo apprezzano in virt\u00f9 della sua attitudine al comando e del carisma, i secondi per via del profondo lato umano, proprio del suo DNA nell&#8217;affrontare la quotidianit\u00e0, senza per questo mai venir a meno ai propri e primari doveri di Uomo &#8211; Carabiniere.<\/p>\n","protected":false},"excerpt":{"rendered":"<p>&nbsp; Il Generale di Brigata Basilio Viola nasce ad Anzio (Roma) il 26 Marzo 1946. La sua vita nell&#8217; Arma Benemerita, inizia nel Gennaio del 1968 con il grado di <a class=\"more-link\" href=\"http:\/\/www.omoslj.it\/index.php\/il-gran-priore-ditalia\/\">Leggi tutto \u2192<\/a><\/p>\n","protected":false},"author":4,"featured_media":0,"parent":0,"menu_order":3,"comment_status":"closed","ping_status":"closed","template":"","meta":{"footnotes":""},"_links":{"self":[{"href":"http:\/\/www.omoslj.it\/index.php\/wp-json\/wp\/v2\/pages\/28"}],"collection":[{"href":"http:\/\/www.omoslj.it\/index.php\/wp-json\/wp\/v2\/pages"}],"about":[{"href":"http:\/\/www.omoslj.it\/index.php\/wp-json\/wp\/v2\/types\/page"}],"author":[{"embeddable":true,"href":"http:\/\/www.omoslj.it\/index.php\/wp-json\/wp\/v2\/users\/4"}],"replies":[{"embeddable":true,"href":"http:\/\/www.omoslj.it\/index.php\/wp-json\/wp\/v2\/comments?post=28"}],"version-history":[{"count":1,"href":"http:\/\/www.omoslj.it\/index.php\/wp-json\/wp\/v2\/pages\/28\/revisions"}],"predecessor-version":[{"id":30,"href":"http:\/\/www.omoslj.it\/index.php\/wp-json\/wp\/v2\/pages\/28\/revisions\/30"}],"wp:attachment":[{"href":"http:\/\/www.omoslj.it\/index.php\/wp-json\/wp\/v2\/media?parent=28"}],"curies":[{"name":"wp","href":"https:\/\/api.w.org\/{rel}","templated":true}]}}