{"id":24,"date":"2015-10-15T23:59:33","date_gmt":"2015-10-15T21:59:33","guid":{"rendered":"http:\/\/test.omoslj.it\/?page_id=24"},"modified":"2021-04-26T23:07:26","modified_gmt":"2021-04-26T21:07:26","slug":"49-gran-maestro","status":"publish","type":"page","link":"http:\/\/www.omoslj.it\/index.php\/a-proposito-dellordine-internazionale\/49-gran-maestro\/","title":{"rendered":"Il 49\u00b0 Gran Maestro Dell&#8217;Ordine Di San Lazzaro"},"content":{"rendered":"<p><a href=\"http:\/\/test.omoslj.it\/483806_563842860316889_72018528_n\/\" rel=\"attachment wp-att-139\"><img loading=\"lazy\" decoding=\"async\" class=\"alignnone size-full wp-image-139\" src=\"http:\/\/test.omoslj.it\/wp-content\/uploads\/2016\/01\/483806_563842860316889_72018528_n.jpg\" alt=\"483806_563842860316889_72018528_n\" width=\"606\" height=\"830\" \/><\/a><\/p>\n<p>&nbsp;<\/p>\n<p>49\u00b0 GRAN MAESTRO<br \/>\nExcmo. Sr. Don Carlos Gereda de Borb\u00f2n,<br \/>\nMarqu\u00e8s de Almaz\u00e0n,<br \/>\n49\u00b0 Pr\u00ecncipe<br \/>\nGran Maestre de la Orden O.S.L.J.<\/p>\n<p>Excmo. Sr. Don Carlos Gereda de Borb\u00f2n, Marqu\u00e8s de Almaz\u00e0n, 49\u00b0 Pr\u00ecncipe Gran Maestre de la Orden<\/p>\n<p>Solenne Capitolo 2008 &#8211; Investitura del 49\u00b0 Gran Maestro nella Cattedrale di Manchester<br \/>\nIl culmine del Solenne Capitolo di Manchester \u00e8 stato celebrato con l&#8217;Investitura formale del 49\u00b0 Gran Maestro, H.E. Don Carlos Gereda y de Borb\u00f2n; Marchese di Almaz\u00e0n, svoltasi nella Cattedrale della citt\u00e0 di Manchester.<br \/>\nIl Solenne Capitolo si \u00e8 svolto nell&#8217;arco di tre giorni, come descritto dalla Costituzione e ha visto la partecipazione di membri del Gran Consiglio Magistrale, l&#8217;Emerito Gran Maestro, Cavalieri e Dame dell&#8217;Ordine, Gran Priori, i Capi di Giurisdizioni e di Delegati provenienti da tutto il mondo.<br \/>\nI membri erano vestiti con abiti cerimoniali completi del mantello dell&#8217;Ordine per un&#8217;Investitura impressionante. Sua Beatitudine il Patriarca Gregorio III, Protettore Spirituale dell&#8217;Ordine, \u00e8 arrivato appositamente da Damasco ed \u00e8 stato accompagnato dall&#8217;Arcivescovo di Gerusalemme a Manchester per celebrare l&#8217;Investitura del nuovo Gran Maestro dopo aver giurato sul giuramento dell&#8217;Ordine.<br \/>\n\u00c8 stata una bellissima esperienza la partecipazione alla cerimonia, con le letture che hanno consentito ai membri dell&#8217;Ordine di pensare al significato storico dell&#8217;Ordine di San Lazzaro di Gerusalemme con i suoi 900 anni di storia.<br \/>\nSecondo l&#8217;articolo 8.2 della Costituzione, il Gran Maestro deve prestare giuramento in presenza del Protettore Spirituale nel corso di una delle riunioni del Solenne Capitolo. L&#8217;articolo 10 della Costituzione descrive che, per antica tradizione spirituale dell&#8217;Ordine, \u00e8 Sua Beatitudine il Greco-Melchita, Patriarca Cattolico di Antiochia e di tutto l&#8217;Oriente di Alessandria e Gerusalemme nelle vesti di guardiano dell&#8217;integrit\u00e0 spirituale dell&#8217;Ordine, a dover provvedere al sostegno spirituale e alla guida dell&#8217;Ordine, con l&#8217;assistenza del Gran Priore Spirituale.<br \/>\nCircondato dai partecipanti Cappellani, Prelati e Alti Prelati dell&#8217;Ordine, l&#8217;Arcivescovo di Gerusalemme, il Gran Priore Ecclesiastico dell&#8217;Ordine (il Reverendo Canon Denby Paul) che ha ospitato la Cerimonia nella Cattedrale di Manchester e ha agito come Maestro della stessa, tutti i membri del Consiglio Magistrale, l&#8217;Emerito Gran Maestro Don Francisco de Borb\u00f2n (48\u00b0 Gran Maestro), che ha assistito al giuramento del nuovo 49\u00b0 Gran Maestro Sua Eccellenza Don Carlos de Gereda y de Borb\u00f2n, il Marchese di Almaz\u00e0n, con queste parole:<\/p>\n<p>&#8220;Io prometto solennemente davanti a Dio Onnipotente di onorare, sostenere e rispettare in ogni momento i suoi Sacri Comandamenti e di assicurarmi che essi siano accolti, venerati e rispettati per quanto \u00e8 in mio potere; di amministrare e governare l&#8217;Ordine Militare e Ospitaliero di San Lazzaro di Gerusalemme, lealmente e fedelmente con il dovere e la dignit\u00e0 di Gran Maestro, e di sostenere la Costituzione, le leggi ed i costumi dell&#8217;Ordine, e di assicurarmi che le stesse siano accolte e rispettate da tutti i membri dell&#8217;Ordine. Aiutami, Dio.&#8221;<\/p>\n<p>allora un membro del Gran Consiglio Magistrale ed un membro dei Capi delle Giurisdizioni hanno giurato la loro fedelt\u00e0 al nuovo Gran Maestro.\u00a0Dopo che il Gran Maestro ha prestato il suo giuramento d&#8217;ufficio si \u00e8 inginocchiato di fronte a Sua Beatitudine Gregorio III, il quale ha benedetto il nuovo Capo Supremo dell&#8217;Ordine di San Lazzaro.<\/p>\n<p><a href=\"http:\/\/test.omoslj.it\/index.php\/49-gran-maestro\/img1\/#main\" rel=\"attachment wp-att-172\"><img loading=\"lazy\" decoding=\"async\" class=\"alignnone size-full wp-image-172\" src=\"http:\/\/test.omoslj.it\/wp-content\/uploads\/2015\/10\/img1.jpg\" alt=\"img1\" width=\"500\" height=\"317\" \/><\/a><\/p>\n<p>&nbsp;<\/p>\n<p><a href=\"http:\/\/test.omoslj.it\/index.php\/49-gran-maestro\/img2\/#main\" rel=\"attachment wp-att-173\"><img loading=\"lazy\" decoding=\"async\" class=\"alignnone size-full wp-image-173\" src=\"http:\/\/test.omoslj.it\/wp-content\/uploads\/2015\/10\/img2.jpg\" alt=\"img2\" width=\"500\" height=\"370\" \/><\/a><\/p>\n<p>&nbsp;<\/p>\n<p><a href=\"http:\/\/test.omoslj.it\/index.php\/49-gran-maestro\/img1\/#main\" rel=\"attachment wp-att-172\"><img loading=\"lazy\" decoding=\"async\" class=\"alignnone size-full wp-image-172\" src=\"http:\/\/test.omoslj.it\/wp-content\/uploads\/2015\/10\/img1.jpg\" alt=\"img1\" width=\"500\" height=\"317\" \/><\/a><br \/>\nCG 2008 &#8211; Installation Service of the 49th Grandmaster in Manchester Cathedral<br \/>\nThe highlight of the Manchester Chapter General was celebrated with the formal Installation of the 49th Grandmaster, H.E. Don Carlos Gereda y de Borb\u00f2n; Marquis de Almaz\u00e0n, in the Cathedral of Manchester.<br \/>\nThe Chapter General was held over three days having been duly called according to the Constitution and was attended by members of the Grand Magistral Council, the Grand Master Emeritus, Knights and Dames of the Order, Grand Priors, Heads of Jurisdictions and delegates from around the world. Members were attired in full ceremonial dress with mantles of the Order for the impressive Investiture Service. His Beatitude Patriarch Gregory III, Spiritual Protector of the Order arrived specially from Damascus and was accompanied by the Archbishop of Jerusalem to Manchester to install the new Grandmaster after he had been duly sworn in and taken the oath of the Order. It was very impressive moment in attending the ceremony and listening to the prayers and scripture readings which allowed the members of the Order to think of the historical significance of the occasion and of the 900 year old history of the Order of St. Lazarus of Jerusalem.<br \/>\nAccording to the Constitution Artile 8.2 The Grand Master must take the oath in presence of the Spiritual Protector in a meeting of either the Chapter General. Article 10 defines that by ancient tradition the Spiritual of the Order is His Beatitude the Melchite-Greek Catholic Patriarch of Antiochia and all the East of Alexandria and of Jerusalem as the guardian of the spiritual integrity of the Order to provide spiritual support and guidance of the Order, with the assistance of the Spiritual Grand Prior.<br \/>\nSurrounded by the attending Chaplains, Prelates and Senior Prelates of the Order, the Archbishop of Jerusalem, the Ecclesiastical Grand Prior for the Order the Reverend Canon Paul Denby, who was host in the Cathedral of Manchester and acted as Master of Ceremonies, all members of the Magistral Council, the Grandmaster emeritus Don Francisco de Borb\u00f3n (48th Grand Master) witnessed the oath taken by the new 49th Grand Master His Excellency Don Carlos de Gereda y de Borb\u00f2n, Marquis de Almaz\u00e0n with these words:<\/p>\n<p>\u201cI do solemnly promise before Almighty God to honour, uphold and observe at all times his Holy Commandments, and to ensure that they may be upheld, venerated, and observed as far as that may lie within my power; to administer and govern The Military and Hospitaller Order of St Lazarus of Jerusalem, loyalty and faithfully as becomes the duty and dignity of the Grand Master; and to uphold the Constitution, laws and custom of the Order, and to ensure that the same are upheld and observed by all members of the Order. So Help Me God.&#8221;<\/p>\n<p>and then the a speaker of the Acting members of the Grand Magistral Council and another speaker of the Heads of Jurisdictions pledged their allegiance to the new Grand Master.<br \/>\nAfter the Grandmaster had taken his oath of office he knelt down, before His Beatitude Gregory III who blessed the new Supreme Head of the Order of St. Lazarus.<\/p>\n<p>New Grand Master for Order of St Lazarus<\/p>\n<p><img loading=\"lazy\" decoding=\"async\" class=\"alignnone size-full wp-image-175\" src=\"http:\/\/test.omoslj.it\/wp-content\/uploads\/2015\/10\/img4.jpg\" alt=\"img4\" width=\"500\" height=\"178\" \/><\/p>\n<p>Times of Malta &#8211; Oct 12, 2008c<br \/>\nThe installation of the new Grand Master of the Military and Hospitaller Order of St Lazarus of Jerusalem recently took place at the Anglican Cathedral of Manchester, UK.<br \/>\nDon Carlos Gereda de Borbon, Marquis of Almazan was elected by a chapter general of the Order worldwide. Delegations represented Priories, Bailiwicks and Commanderies from Britain, European countries and also from USA, Canada, Australia, Mexico, Japan and South Africa.<\/p>\n<p>The Grand Priory of the Maltese Islands Grand Cross Chev. Joseph R. Pace headed an eight-man delegation that participated throughout the event.<br \/>\nThe solemn installation service included readings, communal prayers and hymns. A homily was delivered by Gregorious III Leham, spiritual protector of the Order and patriarch of the Greek Catholic Melchite Church.<br \/>\nThe chapter general was organised by the Grand Bailiwick of England and Wales. It was chaired by the Grand Commander Chev. David James.<br \/>\nThe activities ended at a gala dinner where Maltese Grand Prior presented the Grand Master, as well as Grand Master Emeritus and His Beatitude Patriarch Gregorios III with a signed copy of a book about the Order\u2019s chequered history The Hospitaller Knights of St Lazarus by Grand Priory Hospitaller Charles Savona Ventura which was published in Malta by the Grand Priory.<\/p>\n<p><a href=\"http:\/\/test.omoslj.it\/index.php\/49-gran-maestro\/img5\/#main\" rel=\"attachment wp-att-176\"><img loading=\"lazy\" decoding=\"async\" class=\"size-full wp-image-176 aligncenter\" src=\"http:\/\/test.omoslj.it\/wp-content\/uploads\/2015\/10\/img5.jpg\" alt=\"img5\" width=\"200\" height=\"220\" \/><\/a><\/p>\n<p>Deputy commander Geoff Fosberry who has been appointed grand chancellor emeritus of the Order of St Lazarus.<\/p>\n<p>Times of Malta &#8211; Sept 28, 2008<br \/>\nA seven-strong delegation from the Grand Commandery of the Castello participated in a three-day chapter general meeting of the Military and Hospitaller Order of St Lazarus of Jerusalem.<br \/>\nThe delegation was led by deputy commander Geoff Fosberry, who for the last four years also occupied the position of grand chancellor of the Order.<\/p>\n<p>Held in Manchester, UK, the chapter general was attended by Order members from Australia, USA, Canada, Mexico, and South Africa as well as from European countries.<br \/>\nThe highlight of the event was the installation of Almazan Marquis Don Carlos Gereda de Borbon, as the new grand master of the Military and Hospitaller Order of St Lazarus of Jerusalem. The investiture was led by Jerusalem Archbishop Joseph Zerey.<br \/>\nDuring the chapter general, the previous grand master, Duke of Seville Don Francisco de Borbon y Escasany, was appointed grand master emeritus. The chapter general also appointed Chev. Geoff Fosberry as grand chancellor emeritus.<br \/>\nThe highlight of the Manchester Chapter General was celebrated with the formal Installation of the 49th Grandmaster, H.E. Don Carlos Gereda y de Borb\u00f3n, Marquis de Almaz\u00e0n, in the Cathedral of Manchester.<br \/>\nSurrounded by the Spiritual Protector His Betitude Patriarch Gregory III, the attending Chaplains, Prelates and Senior Prelates of the Order, the Archbishop of Jerusalem, the Ecclesiastical Grand Prior for the Order the Reverend Canon Paul Denby, who was host in the Cathedral of Manchester and acted as Master of Ceremonies, all members of the Magistral Council, the Grandmaster emeritus Don Francisco de Borb\u00f3n (48th Grand Master) witnessed the oath taken by the new 49th Grand Master His Excellency Don Carlos de Gereda y de Borb\u00f2n, Marquis de Almaz\u00e0n.<\/p>\n<p><a href=\"http:\/\/test.omoslj.it\/index.php\/49-gran-maestro\/img6\/#main\" rel=\"attachment wp-att-177\"><img loading=\"lazy\" decoding=\"async\" class=\"size-full wp-image-177 aligncenter\" src=\"http:\/\/test.omoslj.it\/wp-content\/uploads\/2015\/10\/img6.jpg\" alt=\"img6\" width=\"150\" height=\"211\" \/><\/a><br \/>\nThe Saint Lazarus Association<\/p>\n<p>The Military and Hospitaller Order of St. Lazarus of Jerusalem is one of the Orders of Chivalry created at the time of the First Crusade. The Order was founded in 1099 and till today is an international, Christian ecumenical Order of chivalry to respect the traditional values of Christian faith, to care, help and assist poor, ill and persons in need &#8211; specially afflicted with leprosy; to work for unification of Christians, to follow the teaching of Christ. All members of the Order must be Christians.<br \/>\nThe Order traditionally was under the protection of the French Kings, actually is under the spiritual protection of His Beatitude Gregorios III , Patriarch of Melkite Greek Catholic Church, of the cities of Antioch, Alexandria and Jerusalem.<br \/>\nThe head of the Order is a Grand Master elected by the Chapter General.<br \/>\nThe 49th Grand Master of the Order is H.E. Don Carlos Gereda y de Borbon, Marquis de Almaz\u00e0n.<\/p>\n<p>&nbsp;<\/p>\n<p><a href=\"http:\/\/test.omoslj.it\/index.php\/49-gran-maestro\/img7\/#main\" rel=\"attachment wp-att-178\"><img loading=\"lazy\" decoding=\"async\" class=\"size-full wp-image-178 aligncenter\" src=\"http:\/\/test.omoslj.it\/wp-content\/uploads\/2015\/10\/img7.jpg\" alt=\"img7\" width=\"200\" height=\"275\" \/><\/a><br \/>\nGrand Prior of England &amp; Wales: The Rt. Hon. the Earl Ferrers PC GCLJ GCrLJ DL<\/p>\n","protected":false},"excerpt":{"rendered":"<p>&nbsp; 49\u00b0 GRAN MAESTRO Excmo. Sr. Don Carlos Gereda de Borb\u00f2n, Marqu\u00e8s de Almaz\u00e0n, 49\u00b0 Pr\u00ecncipe Gran Maestre de la Orden O.S.L.J. Excmo. Sr. Don Carlos Gereda de Borb\u00f2n, Marqu\u00e8s <a class=\"more-link\" href=\"http:\/\/www.omoslj.it\/index.php\/a-proposito-dellordine-internazionale\/49-gran-maestro\/\">Leggi tutto \u2192<\/a><\/p>\n","protected":false},"author":4,"featured_media":0,"parent":1892,"menu_order":4,"comment_status":"closed","ping_status":"closed","template":"","meta":{"footnotes":""},"_links":{"self":[{"href":"http:\/\/www.omoslj.it\/index.php\/wp-json\/wp\/v2\/pages\/24"}],"collection":[{"href":"http:\/\/www.omoslj.it\/index.php\/wp-json\/wp\/v2\/pages"}],"about":[{"href":"http:\/\/www.omoslj.it\/index.php\/wp-json\/wp\/v2\/types\/page"}],"author":[{"embeddable":true,"href":"http:\/\/www.omoslj.it\/index.php\/wp-json\/wp\/v2\/users\/4"}],"replies":[{"embeddable":true,"href":"http:\/\/www.omoslj.it\/index.php\/wp-json\/wp\/v2\/comments?post=24"}],"version-history":[{"count":6,"href":"http:\/\/www.omoslj.it\/index.php\/wp-json\/wp\/v2\/pages\/24\/revisions"}],"predecessor-version":[{"id":171,"href":"http:\/\/www.omoslj.it\/index.php\/wp-json\/wp\/v2\/pages\/24\/revisions\/171"}],"up":[{"embeddable":true,"href":"http:\/\/www.omoslj.it\/index.php\/wp-json\/wp\/v2\/pages\/1892"}],"wp:attachment":[{"href":"http:\/\/www.omoslj.it\/index.php\/wp-json\/wp\/v2\/media?parent=24"}],"curies":[{"name":"wp","href":"https:\/\/api.w.org\/{rel}","templated":true}]}}